{"id":3386,"date":"2023-10-11T14:24:19","date_gmt":"2023-10-11T14:24:19","guid":{"rendered":"https:\/\/www.iqe.es\/legal-notice\/"},"modified":"2025-05-21T15:45:42","modified_gmt":"2025-05-21T13:45:42","slug":"legal-notice","status":"publish","type":"page","link":"https:\/\/www.iqe.es\/en\/legal-notice\/","title":{"rendered":"Legal Notice"},"content":{"rendered":"\t\t<div data-elementor-type=\"wp-page\" data-elementor-id=\"3386\" class=\"elementor elementor-3386 elementor-1704\" data-elementor-post-type=\"page\">\n\t\t\t\t\t\t<section data-particle_enable=\"false\" data-particle-mobile-disabled=\"false\" class=\"elementor-section elementor-top-section elementor-element elementor-element-2fea9ca elementor-section-boxed elementor-section-height-default elementor-section-height-default wpr-particle-no wpr-jarallax-no wpr-parallax-no wpr-sticky-section-no\" data-id=\"2fea9ca\" data-element_type=\"section\" data-e-type=\"section\">\n\t\t\t\t\t\t<div class=\"elementor-container elementor-column-gap-default\">\n\t\t\t\t\t<div class=\"elementor-column elementor-col-100 elementor-top-column elementor-element elementor-element-d384a4c\" data-id=\"d384a4c\" data-element_type=\"column\" data-e-type=\"column\">\n\t\t\t<div class=\"elementor-widget-wrap elementor-element-populated\">\n\t\t\t\t\t\t<div class=\"elementor-element elementor-element-f78a2fc elementor-widget elementor-widget-spacer\" data-id=\"f78a2fc\" data-element_type=\"widget\" data-e-type=\"widget\" data-widget_type=\"spacer.default\">\n\t\t\t\t<div class=\"elementor-widget-container\">\n\t\t\t\t\t\t\t<div class=\"elementor-spacer\">\n\t\t\t<div class=\"elementor-spacer-inner\"><\/div>\n\t\t<\/div>\n\t\t\t\t\t\t<\/div>\n\t\t\t\t<\/div>\n\t\t\t\t\t<\/div>\n\t\t<\/div>\n\t\t\t\t\t<\/div>\n\t\t<\/section>\n\t\t\t\t<section data-particle_enable=\"false\" data-particle-mobile-disabled=\"false\" class=\"elementor-section elementor-top-section elementor-element elementor-element-bddbc3c elementor-section-boxed elementor-section-height-default elementor-section-height-default wpr-particle-no wpr-jarallax-no wpr-parallax-no wpr-sticky-section-no\" data-id=\"bddbc3c\" data-element_type=\"section\" data-e-type=\"section\">\n\t\t\t\t\t\t<div class=\"elementor-container elementor-column-gap-default\">\n\t\t\t\t\t<div class=\"elementor-column elementor-col-100 elementor-top-column elementor-element elementor-element-e2f40a7\" data-id=\"e2f40a7\" data-element_type=\"column\" data-e-type=\"column\">\n\t\t\t<div class=\"elementor-widget-wrap elementor-element-populated\">\n\t\t\t\t\t\t<div class=\"elementor-element elementor-element-752db68 elementor-widget elementor-widget-heading\" data-id=\"752db68\" data-element_type=\"widget\" data-e-type=\"widget\" data-widget_type=\"heading.default\">\n\t\t\t\t<div class=\"elementor-widget-container\">\n\t\t\t\t\t<h1 class=\"elementor-heading-title elementor-size-default\">Legal Notice<\/h1>\t\t\t\t<\/div>\n\t\t\t\t<\/div>\n\t\t\t\t<div class=\"elementor-element elementor-element-1346df9 elementor-widget elementor-widget-text-editor\" data-id=\"1346df9\" data-element_type=\"widget\" data-e-type=\"widget\" data-widget_type=\"text-editor.default\">\n\t\t\t\t<div class=\"elementor-widget-container\">\n\t\t\t\t\t\t\t\t\t<p>Pursuant to Law 34\/2002, 11 July, on Information Society Services and Electronic Commerce, we inform you of the following:<\/p>\n<p>Titular de este sitio: Industrias Qu\u00edmicas del Ebro, S.A.<br \/>Direcci\u00f3n: Pol\u00edgono Industrial de Malpica, calle D, n\u00ba 97<br \/>C\u00f3digo postal y poblaci\u00f3n: Zaragoza<br \/>Provincia (Pa\u00eds): Zaragoza (Espa\u00f1a)<br \/>CIF: A-50006089<br \/>Tel\u00e9fono: 976 573 625<br \/>Fax: 902 520 182<br \/>E-mail: <a href=\"mailto:iqe@iqe.es\">iqe@iqe.es<\/a><br \/>Web: <a href=\"http:\/\/www.iqe.es\/\">http:\/\/www.iqe.es<\/a><\/p>\n<p>Industrias Qu\u00edmicas del Ebro, S.A. places this website at the disposal of Internet users to provide them with information on the products or services it offers as well as to allow users to send their queries or suggestions via the form provided for this purpose.<\/p>\n<p>The criteria followed by Industrias Qu\u00edmicas del Ebro, S.A. in relation to the use of the personal data that users provide freely and voluntarily are those indicated its Privacy Policy.<\/p>\n<p>Industrias Qu\u00edmicas del Ebro, S.A. may, at any time and without prior notification, modify or update the information contained in this website or its configuration or presentation. Consequently, it does not guarantee the full effectiveness of its website nor the absence of errors.<\/p>\n<p>Likewise, the owner of this website shall not be liable for any direct or indirect damages that may be derived from the use of the website or its contents, nor shall it be liable for any damages to computers that access to the contents of this website may cause users\/visitors. It does not control or guarantee the absence of viruses or other elements in contents that may produce alterations to users&#8217; computer systems (software and hardware) or to electronic documents or files stored in their computer system.<\/p>\n<p>Users shall undertake to use the website and its contents correctly. It is forbidden to use the website for any ends that are illicit or detrimental to the company or to any third parties, including any use that may be detrimental to or prevent the normal functioning of the website. Users shall be responsible for any use that contravenes current legislation, the principles of good faith, usage, and generally accepted customs or public order.<\/p>\n<p>Any third-party link to this website must be done in good faith and respecting the owner\u2019s rights and informing the aforementioned website owner in advance.<\/p>\n<p>The link must indicate the source &#8211; \u201cIndustrias Qu\u00edmicas del Ebro, S.A.\u201d &#8211; and the effect of clicking the \u201clink button\u201d shall be to enter any page of the website of Industrias Qu\u00edmicas del Ebro, S.A. and not to include the website contents in the page by framing.<\/p>\n<p>Industrias Qu\u00edmicas del Ebro, S.A. does not accept any liability that may be derived from the connection or the contents of the links from this website to other third party websites. The purpose of the links is for the user to obtain additional information regarding the said contents. Industrias Qu\u00edmicas del Ebro, S.A. does not have any control over these websites, nor is it responsible for their contents.<\/p>\n<p>All the contents shown on this website and especially, designs, texts, logos, brands, buttons or any other signs subject to industrial and commercial usage, are subject to the intellectual and industrial property rights of Industrias Qu\u00edmicas del Ebro, S.A. or of third parties.<\/p>\n<p>Any suggestions or comments that users may wish to make can be sent by e-mail to: <a href=\"mailto:iqe@iqe.es\">iqe@iqe.es<\/a><\/p>\n\t\t\t\t\t\t\t\t<\/div>\n\t\t\t\t<\/div>\n\t\t\t\t\t<\/div>\n\t\t<\/div>\n\t\t\t\t\t<\/div>\n\t\t<\/section>\n\t\t\t\t<section data-particle_enable=\"false\" data-particle-mobile-disabled=\"false\" class=\"elementor-section elementor-top-section elementor-element elementor-element-5412182 elementor-section-boxed elementor-section-height-default elementor-section-height-default wpr-particle-no wpr-jarallax-no wpr-parallax-no wpr-sticky-section-no\" data-id=\"5412182\" data-element_type=\"section\" data-e-type=\"section\" data-settings=\"{&quot;background_background&quot;:&quot;classic&quot;}\">\n\t\t\t\t\t\t<div class=\"elementor-container elementor-column-gap-default\">\n\t\t\t\t\t<div class=\"elementor-column elementor-col-100 elementor-top-column elementor-element elementor-element-9388b6e\" data-id=\"9388b6e\" data-element_type=\"column\" data-e-type=\"column\">\n\t\t\t<div class=\"elementor-widget-wrap elementor-element-populated\">\n\t\t\t\t\t\t<div class=\"elementor-element elementor-element-4cbdb0a elementor-widget elementor-widget-spacer\" data-id=\"4cbdb0a\" data-element_type=\"widget\" data-e-type=\"widget\" data-widget_type=\"spacer.default\">\n\t\t\t\t<div class=\"elementor-widget-container\">\n\t\t\t\t\t\t\t<div class=\"elementor-spacer\">\n\t\t\t<div class=\"elementor-spacer-inner\"><\/div>\n\t\t<\/div>\n\t\t\t\t\t\t<\/div>\n\t\t\t\t<\/div>\n\t\t\t\t\t<\/div>\n\t\t<\/div>\n\t\t\t\t\t<\/div>\n\t\t<\/section>\n\t\t\t\t<\/div>\n\t\t","protected":false},"excerpt":{"rendered":"<p>Legal Notice Pursuant to Law 34\/2002, 11 July, on Information Society Services and Electronic Commerce, we inform you of the following: Titular de este sitio: Industrias Qu\u00edmicas del Ebro, S.A.Direcci\u00f3n: Pol\u00edgono Industrial de Malpica, calle D, n\u00ba 97C\u00f3digo postal y poblaci\u00f3n: ZaragozaProvincia (Pa\u00eds): Zaragoza (Espa\u00f1a)CIF: A-50006089Tel\u00e9fono: 976 573 625Fax: 902 520 182E-mail: iqe@iqe.esWeb: http:\/\/www.iqe.es Industrias Qu\u00edmicas del Ebro, S.A. places this website at the disposal of Internet users to provide them with information on the products or services it offers as well as to allow users to send their queries or suggestions via the form provided for this purpose. The criteria followed by Industrias Qu\u00edmicas del Ebro, S.A. in relation to the use of the personal data that users provide freely and voluntarily are those indicated its Privacy Policy. Industrias Qu\u00edmicas del Ebro, S.A. may, at any time and without prior notification, modify or update the information contained in this website or its configuration or presentation. Consequently, it does not guarantee the full effectiveness of its website nor the absence of errors. Likewise, the owner of this website shall not be liable for any direct or indirect damages that may be derived from the use of the website or its contents, nor shall it be liable for any damages to computers that access to the contents of this website may cause users\/visitors. It does not control or guarantee the absence of viruses or other elements in contents that may produce alterations to users&#8217; computer systems (software and hardware) or to electronic documents or files stored in their computer system. Users shall undertake to use the website and its contents correctly. It is forbidden to use the website for any ends that are illicit or detrimental to the company or to any third parties, including any use that may be detrimental to or prevent the normal functioning of the website. Users shall be responsible for any use that contravenes current legislation, the principles of good faith, usage, and generally accepted customs or public order. Any third-party link to this website must be done in good faith and respecting the owner\u2019s rights and informing the aforementioned website owner in advance. The link must indicate the source &#8211; \u201cIndustrias Qu\u00edmicas del Ebro, S.A.\u201d &#8211; and the effect of clicking the \u201clink button\u201d shall be to enter any page of the website of Industrias Qu\u00edmicas del Ebro, S.A. and not to include the website contents in the page by framing. Industrias Qu\u00edmicas del Ebro, S.A. does not accept any liability that may be derived from the connection or the contents of the links from this website to other third party websites. The purpose of the links is for the user to obtain additional information regarding the said contents. Industrias Qu\u00edmicas del Ebro, S.A. does not have any control over these websites, nor is it responsible for their contents. All the contents shown on this website and especially, designs, texts, logos, brands, buttons or any other signs subject to industrial and commercial usage, are subject to the intellectual and industrial property rights of Industrias Qu\u00edmicas del Ebro, S.A. or of third parties. Any suggestions or comments that users may wish to make can be sent by e-mail to: iqe@iqe.es<\/p>\n","protected":false},"author":1,"featured_media":0,"parent":0,"menu_order":0,"comment_status":"closed","ping_status":"closed","template":"","meta":{"footnotes":""},"class_list":["post-3386","page","type-page","status-publish","hentry"],"yoast_head":"<!-- This site is optimized with the Yoast SEO plugin v27.3 - https:\/\/yoast.com\/product\/yoast-seo-wordpress\/ -->\n<title>Legal Notice - Grupo IQE<\/title>\n<meta name=\"description\" content=\"You are informed that all data that IQE requests or may request from you is necessary for the purposes described on this page.\" \/>\n<meta name=\"robots\" content=\"index, follow, max-snippet:-1, max-image-preview:large, max-video-preview:-1\" \/>\n<link rel=\"canonical\" href=\"https:\/\/www.iqe.es\/en\/legal-notice\/\" \/>\n<meta property=\"og:locale\" content=\"en_US\" \/>\n<meta property=\"og:type\" content=\"article\" \/>\n<meta property=\"og:title\" content=\"Legal Notice - Grupo IQE\" \/>\n<meta property=\"og:description\" content=\"You are informed that all data that IQE requests or may request from you is necessary for the purposes described on this page.\" \/>\n<meta property=\"og:url\" content=\"https:\/\/www.iqe.es\/en\/legal-notice\/\" \/>\n<meta property=\"og:site_name\" content=\"Grupo IQE\" \/>\n<meta property=\"article:modified_time\" content=\"2025-05-21T13:45:42+00:00\" \/>\n<meta name=\"twitter:card\" content=\"summary_large_image\" \/>\n<meta name=\"twitter:label1\" content=\"Est. reading time\" \/>\n\t<meta name=\"twitter:data1\" content=\"3 minutes\" \/>\n<script type=\"application\/ld+json\" class=\"yoast-schema-graph\">{\"@context\":\"https:\\\/\\\/schema.org\",\"@graph\":[{\"@type\":\"WebPage\",\"@id\":\"https:\\\/\\\/www.iqe.es\\\/en\\\/legal-notice\\\/\",\"url\":\"https:\\\/\\\/www.iqe.es\\\/en\\\/legal-notice\\\/\",\"name\":\"Legal Notice - Grupo IQE\",\"isPartOf\":{\"@id\":\"https:\\\/\\\/www.iqe.es\\\/en\\\/#website\"},\"datePublished\":\"2023-10-11T14:24:19+00:00\",\"dateModified\":\"2025-05-21T13:45:42+00:00\",\"description\":\"You are informed that all data that IQE requests or may request from you is necessary for the purposes described on this page.\",\"breadcrumb\":{\"@id\":\"https:\\\/\\\/www.iqe.es\\\/en\\\/legal-notice\\\/#breadcrumb\"},\"inLanguage\":\"en-US\",\"potentialAction\":[{\"@type\":\"ReadAction\",\"target\":[\"https:\\\/\\\/www.iqe.es\\\/en\\\/legal-notice\\\/\"]}]},{\"@type\":\"BreadcrumbList\",\"@id\":\"https:\\\/\\\/www.iqe.es\\\/en\\\/legal-notice\\\/#breadcrumb\",\"itemListElement\":[{\"@type\":\"ListItem\",\"position\":1,\"name\":\"Portada\",\"item\":\"https:\\\/\\\/www.iqe.es\\\/en\\\/\"},{\"@type\":\"ListItem\",\"position\":2,\"name\":\"Legal Notice\"}]},{\"@type\":\"WebSite\",\"@id\":\"https:\\\/\\\/www.iqe.es\\\/en\\\/#website\",\"url\":\"https:\\\/\\\/www.iqe.es\\\/en\\\/\",\"name\":\"Grupo IQE\",\"description\":\"Industrias qu\u00edmicas del Ebro\",\"publisher\":{\"@id\":\"https:\\\/\\\/www.iqe.es\\\/en\\\/#organization\"},\"potentialAction\":[{\"@type\":\"SearchAction\",\"target\":{\"@type\":\"EntryPoint\",\"urlTemplate\":\"https:\\\/\\\/www.iqe.es\\\/en\\\/?s={search_term_string}\"},\"query-input\":{\"@type\":\"PropertyValueSpecification\",\"valueRequired\":true,\"valueName\":\"search_term_string\"}}],\"inLanguage\":\"en-US\"},{\"@type\":\"Organization\",\"@id\":\"https:\\\/\\\/www.iqe.es\\\/en\\\/#organization\",\"name\":\"Grupo IQE\",\"url\":\"https:\\\/\\\/www.iqe.es\\\/en\\\/\",\"logo\":{\"@type\":\"ImageObject\",\"inLanguage\":\"en-US\",\"@id\":\"https:\\\/\\\/www.iqe.es\\\/en\\\/#\\\/schema\\\/logo\\\/image\\\/\",\"url\":\"https:\\\/\\\/www.iqe.es\\\/wp-content\\\/uploads\\\/2023\\\/09\\\/Logo-grupo-IQE_cmyk.png\",\"contentUrl\":\"https:\\\/\\\/www.iqe.es\\\/wp-content\\\/uploads\\\/2023\\\/09\\\/Logo-grupo-IQE_cmyk.png\",\"width\":171,\"height\":76,\"caption\":\"Grupo IQE\"},\"image\":{\"@id\":\"https:\\\/\\\/www.iqe.es\\\/en\\\/#\\\/schema\\\/logo\\\/image\\\/\"}}]}<\/script>\n<!-- \/ Yoast SEO plugin. -->","yoast_head_json":{"title":"Legal Notice - Grupo IQE","description":"You are informed that all data that IQE requests or may request from you is necessary for the purposes described on this page.","robots":{"index":"index","follow":"follow","max-snippet":"max-snippet:-1","max-image-preview":"max-image-preview:large","max-video-preview":"max-video-preview:-1"},"canonical":"https:\/\/www.iqe.es\/en\/legal-notice\/","og_locale":"en_US","og_type":"article","og_title":"Legal Notice - Grupo IQE","og_description":"You are informed that all data that IQE requests or may request from you is necessary for the purposes described on this page.","og_url":"https:\/\/www.iqe.es\/en\/legal-notice\/","og_site_name":"Grupo IQE","article_modified_time":"2025-05-21T13:45:42+00:00","twitter_card":"summary_large_image","twitter_misc":{"Est. reading time":"3 minutes"},"schema":{"@context":"https:\/\/schema.org","@graph":[{"@type":"WebPage","@id":"https:\/\/www.iqe.es\/en\/legal-notice\/","url":"https:\/\/www.iqe.es\/en\/legal-notice\/","name":"Legal Notice - Grupo IQE","isPartOf":{"@id":"https:\/\/www.iqe.es\/en\/#website"},"datePublished":"2023-10-11T14:24:19+00:00","dateModified":"2025-05-21T13:45:42+00:00","description":"You are informed that all data that IQE requests or may request from you is necessary for the purposes described on this page.","breadcrumb":{"@id":"https:\/\/www.iqe.es\/en\/legal-notice\/#breadcrumb"},"inLanguage":"en-US","potentialAction":[{"@type":"ReadAction","target":["https:\/\/www.iqe.es\/en\/legal-notice\/"]}]},{"@type":"BreadcrumbList","@id":"https:\/\/www.iqe.es\/en\/legal-notice\/#breadcrumb","itemListElement":[{"@type":"ListItem","position":1,"name":"Portada","item":"https:\/\/www.iqe.es\/en\/"},{"@type":"ListItem","position":2,"name":"Legal Notice"}]},{"@type":"WebSite","@id":"https:\/\/www.iqe.es\/en\/#website","url":"https:\/\/www.iqe.es\/en\/","name":"Grupo IQE","description":"Industrias qu\u00edmicas del Ebro","publisher":{"@id":"https:\/\/www.iqe.es\/en\/#organization"},"potentialAction":[{"@type":"SearchAction","target":{"@type":"EntryPoint","urlTemplate":"https:\/\/www.iqe.es\/en\/?s={search_term_string}"},"query-input":{"@type":"PropertyValueSpecification","valueRequired":true,"valueName":"search_term_string"}}],"inLanguage":"en-US"},{"@type":"Organization","@id":"https:\/\/www.iqe.es\/en\/#organization","name":"Grupo IQE","url":"https:\/\/www.iqe.es\/en\/","logo":{"@type":"ImageObject","inLanguage":"en-US","@id":"https:\/\/www.iqe.es\/en\/#\/schema\/logo\/image\/","url":"https:\/\/www.iqe.es\/wp-content\/uploads\/2023\/09\/Logo-grupo-IQE_cmyk.png","contentUrl":"https:\/\/www.iqe.es\/wp-content\/uploads\/2023\/09\/Logo-grupo-IQE_cmyk.png","width":171,"height":76,"caption":"Grupo IQE"},"image":{"@id":"https:\/\/www.iqe.es\/en\/#\/schema\/logo\/image\/"}}]}},"_links":{"self":[{"href":"https:\/\/www.iqe.es\/en\/wp-json\/wp\/v2\/pages\/3386","targetHints":{"allow":["GET"]}}],"collection":[{"href":"https:\/\/www.iqe.es\/en\/wp-json\/wp\/v2\/pages"}],"about":[{"href":"https:\/\/www.iqe.es\/en\/wp-json\/wp\/v2\/types\/page"}],"author":[{"embeddable":true,"href":"https:\/\/www.iqe.es\/en\/wp-json\/wp\/v2\/users\/1"}],"replies":[{"embeddable":true,"href":"https:\/\/www.iqe.es\/en\/wp-json\/wp\/v2\/comments?post=3386"}],"version-history":[{"count":6,"href":"https:\/\/www.iqe.es\/en\/wp-json\/wp\/v2\/pages\/3386\/revisions"}],"predecessor-version":[{"id":4919,"href":"https:\/\/www.iqe.es\/en\/wp-json\/wp\/v2\/pages\/3386\/revisions\/4919"}],"wp:attachment":[{"href":"https:\/\/www.iqe.es\/en\/wp-json\/wp\/v2\/media?parent=3386"}],"curies":[{"name":"wp","href":"https:\/\/api.w.org\/{rel}","templated":true}]}}